{"id":8464,"date":"2026-03-21T10:51:11","date_gmt":"2026-03-21T09:51:11","guid":{"rendered":"https:\/\/gesangverein-woellstein.de\/?page_id=8464"},"modified":"2026-03-21T23:23:56","modified_gmt":"2026-03-21T22:23:56","slug":"mitgliederversammlung-2026","status":"publish","type":"page","link":"https:\/\/gesangverein-woellstein.de\/?page_id=8464","title":{"rendered":"Mitgliederversammlung 2026"},"content":{"rendered":"\r\n<h2 class=\"wp-block-heading\"><strong>Gesangverein W\u00f6llstein beschlie\u00dft neue Satzung und w\u00e4hlt neuen Gesamtvorstand<\/strong><\/h2>\r\n\r\n\r\n\r\n<h3 class=\"wp-block-heading\"><strong>Mitglieder beschlie\u00dfen einstimmig \u00c4nderungen \u2013 Dorfhaus W\u00f6llstein ist nach 14 Jahren schuldenfrei.<\/strong><\/h3>\r\n\r\n\r\n\r\n<p>Abtsgm\u00fcnd-W\u00f6llstein. Der Gesangverein W\u00f6llstein hat bei seiner Mitgliederversammlung im Dorfhaus am 6. M\u00e4rz wichtige Weichen f\u00fcr die Zukunft gestellt. Beschlossen wurden eine neue Satzung, personelle Ver\u00e4nderungen und eine Beitragserh\u00f6hung.\u00a0<\/p>\r\n\r\n\r\n\r\n<p><strong>Neue Satzung einstimmig beschlossen\u00a0<\/strong><\/p>\r\n\r\n\r\n\r\n<p>Der erste Vorsitzende Holger Murschall erl\u00e4uterte, dass die Satzung aus dem Jahr 2010 nach vollst\u00e4ndiger Tilgung der Schulden f\u00fcr das vereinseigene Dorfhaus an die aktuelle Situation angepasst werden m\u00fcsse. Die anwesenden Mitglieder nahmen den <a href=\"https:\/\/gesangverein-woellstein.de\/wp-content\/uploads\/2026\/03\/Satzung-GVW-vom-06.03.2026.pdf\">Satzungsentwurf <\/a>nach kurzer Aussprache per Handzeichen einstimmig an.\u00a0<\/p>\r\n\r\n\r\n\r\n<p><strong>Vorstand entlastet und im Amt best\u00e4tigt\u00a0<\/strong><\/p>\r\n\r\n\r\n\r\n<p>Nach Entlastung des Vorstands wurden bei den Wahlen unter Leitung des Abtsgm\u00fcnder B\u00fcrgermeisters Armin Kiemel alle Vorgeschlagenen ohne Gegenstimmen oder Enthaltungen gew\u00e4hlt. Holger Murschall bleibt erster Vorsitzender, Jonas Barth zweiter Vorsitzender, Klaus Lauble Schriftf\u00fchrer und Rainer Barth Kassierer. In den Beirat wurden Matthias Feil, Anton Hegele, Thomas Angstenberger, Kurt M\u00fcller und Michael Maier gew\u00e4hlt, als Kassenpr\u00fcfer Rainer Mayer und Martin Angstenberger. Aus dem Gremium schieden auf eigenen Wunsch Anton Funk, Heiner Fischer und Thomas Gehring aus, denen f\u00fcr ihren langj\u00e4hrigen Einsatz besonderer Dank ausgesprochen wurde.<\/p>\r\n\r\n\r\n\r\n<p><strong>Dorfhaus schuldenfrei \u2013 Mitgliedsbeitrag steigt<\/strong><\/p>\r\n\r\n\r\n\r\n<p>Murschall hob hervor, dass der Verein und das Dorfhaus nach 14 Jahren nun schuldenfrei sind, und dankte den vielen Ehrenamtlichen, die Bau und Betrieb erm\u00f6glicht haben. Um laufende Kosten f\u00fcr Dorfhaus und Chorleiter auch k\u00fcnftig decken zu k\u00f6nnen, beschlossen die Mitglieder einstimmig, den j\u00e4hrlichen Beitrag von 20 Euro auf 30 Euro zu erh\u00f6hen. Zudem bleibe die aktive Mitarbeit der Vereinsmitglieder bei Dorfhausvermietungen und Vereinsfesten weiterhin unverzichtbar. Chorleiter Markus Angstenberger mahnte einen regelm\u00e4\u00dfigen Probenbesuch an und m\u00f6chte mit den S\u00e4ngern des M\u00e4nnerchors weiterhin anspruchsvolles Liedgut einstudieren. kl<\/p>\r\n\r\n\r\n\r\n<figure class=\"wp-block-image size-large is-resized\"><a href=\"https:\/\/gesangverein-woellstein.de\/wp-content\/uploads\/2026\/03\/Scheidende-Beiratsmitglieder_restored.jpeg\"><img loading=\"lazy\" decoding=\"async\" width=\"982\" height=\"1024\" class=\"wp-image-8467\" style=\"aspect-ratio: 0.958988904349067; width: 462px; height: auto;\" src=\"https:\/\/gesangverein-woellstein.de\/wp-content\/uploads\/2026\/03\/Scheidende-Beiratsmitglieder_restored-982x1024.jpeg\" alt=\"\" srcset=\"https:\/\/gesangverein-woellstein.de\/wp-content\/uploads\/2026\/03\/Scheidende-Beiratsmitglieder_restored-982x1024.jpeg 982w, https:\/\/gesangverein-woellstein.de\/wp-content\/uploads\/2026\/03\/Scheidende-Beiratsmitglieder_restored-288x300.jpeg 288w, https:\/\/gesangverein-woellstein.de\/wp-content\/uploads\/2026\/03\/Scheidende-Beiratsmitglieder_restored-768x801.jpeg 768w, https:\/\/gesangverein-woellstein.de\/wp-content\/uploads\/2026\/03\/Scheidende-Beiratsmitglieder_restored-1473x1536.jpeg 1473w, https:\/\/gesangverein-woellstein.de\/wp-content\/uploads\/2026\/03\/Scheidende-Beiratsmitglieder_restored.jpeg 1598w\" sizes=\"auto, (max-width: 982px) 100vw, 982px\" \/><\/a><\/figure>\r\n\r\n\r\n\r\n<p>Der Vorstand (ganz links Holger Murschall, ganz rechts Jonas Barth) sprach den scheidenden Beiratsmitgliedern (v. l. n. r.: Heiner Fischer, Thomas Gehring, Anton Funk) besonderen Dank des Vereins aus.<\/p>\r\n\r\n\r\n\r\n<p>&nbsp;<\/p>\r\n\r\n\r\n\r\n<figure class=\"wp-block-image size-large is-resized\"><a href=\"https:\/\/gesangverein-woellstein.de\/wp-content\/uploads\/2026\/03\/Ausschnitt-fuer-KoLeiBo-opti_restored.jpeg\"><img loading=\"lazy\" decoding=\"async\" width=\"1024\" height=\"725\" class=\"wp-image-8466\" style=\"aspect-ratio: 1.4124540199684708; width: 517px; height: auto;\" src=\"https:\/\/gesangverein-woellstein.de\/wp-content\/uploads\/2026\/03\/Ausschnitt-fuer-KoLeiBo-opti_restored-1024x725.jpeg\" alt=\"\" srcset=\"https:\/\/gesangverein-woellstein.de\/wp-content\/uploads\/2026\/03\/Ausschnitt-fuer-KoLeiBo-opti_restored-1024x725.jpeg 1024w, https:\/\/gesangverein-woellstein.de\/wp-content\/uploads\/2026\/03\/Ausschnitt-fuer-KoLeiBo-opti_restored-300x212.jpeg 300w, https:\/\/gesangverein-woellstein.de\/wp-content\/uploads\/2026\/03\/Ausschnitt-fuer-KoLeiBo-opti_restored-768x543.jpeg 768w, https:\/\/gesangverein-woellstein.de\/wp-content\/uploads\/2026\/03\/Ausschnitt-fuer-KoLeiBo-opti_restored-1536x1087.jpeg 1536w, https:\/\/gesangverein-woellstein.de\/wp-content\/uploads\/2026\/03\/Ausschnitt-fuer-KoLeiBo-opti_restored.jpeg 1594w\" sizes=\"auto, (max-width: 1024px) 100vw, 1024px\" \/><\/a><\/figure>\r\n\r\n\r\n\r\n<p>Der frisch gew\u00e4hlte Gesamtvorstand sowie Chorleiter Markus Angstenberger (5. v. l.) des Gesangvereins W\u00f6llstein nach der Wahl unter der Leitung von BM Kiemel (ganz rechts)<\/p>\r\n","protected":false},"excerpt":{"rendered":"<p>Gesangverein W\u00f6llstein beschlie\u00dft neue Satzung und w\u00e4hlt neuen Gesamtvorstand Mitglieder beschlie\u00dfen einstimmig \u00c4nderungen \u2013 Dorfhaus W\u00f6llstein ist nach 14 Jahren schuldenfrei. Abtsgm\u00fcnd-W\u00f6llstein. Der Gesangverein W\u00f6llstein hat bei seiner Mitgliederversammlung im Dorfhaus am 6. M\u00e4rz wichtige Weichen f\u00fcr die Zukunft gestellt. Beschlossen wurden eine neue Satzung, personelle Ver\u00e4nderungen und eine Beitragserh\u00f6hung.\u00a0 Neue Satzung einstimmig beschlossen\u00a0 Der [&hellip;]<\/p>\n","protected":false},"author":2,"featured_media":0,"parent":0,"menu_order":0,"comment_status":"closed","ping_status":"closed","template":"","meta":{"footnotes":""},"class_list":["post-8464","page","type-page","status-publish","hentry"],"_links":{"self":[{"href":"https:\/\/gesangverein-woellstein.de\/index.php?rest_route=\/wp\/v2\/pages\/8464","targetHints":{"allow":["GET"]}}],"collection":[{"href":"https:\/\/gesangverein-woellstein.de\/index.php?rest_route=\/wp\/v2\/pages"}],"about":[{"href":"https:\/\/gesangverein-woellstein.de\/index.php?rest_route=\/wp\/v2\/types\/page"}],"author":[{"embeddable":true,"href":"https:\/\/gesangverein-woellstein.de\/index.php?rest_route=\/wp\/v2\/users\/2"}],"replies":[{"embeddable":true,"href":"https:\/\/gesangverein-woellstein.de\/index.php?rest_route=%2Fwp%2Fv2%2Fcomments&post=8464"}],"version-history":[{"count":11,"href":"https:\/\/gesangverein-woellstein.de\/index.php?rest_route=\/wp\/v2\/pages\/8464\/revisions"}],"predecessor-version":[{"id":8489,"href":"https:\/\/gesangverein-woellstein.de\/index.php?rest_route=\/wp\/v2\/pages\/8464\/revisions\/8489"}],"wp:attachment":[{"href":"https:\/\/gesangverein-woellstein.de\/index.php?rest_route=%2Fwp%2Fv2%2Fmedia&parent=8464"}],"curies":[{"name":"wp","href":"https:\/\/api.w.org\/{rel}","templated":true}]}}