{"id":6284,"date":"2024-04-07T00:22:50","date_gmt":"2024-04-06T22:22:50","guid":{"rendered":"http:\/\/gesangverein-woellstein.de\/?page_id=6284"},"modified":"2026-01-28T01:04:18","modified_gmt":"2026-01-28T00:04:18","slug":"auftritte-2018-2-2-2-2","status":"publish","type":"page","link":"https:\/\/gesangverein-woellstein.de\/?page_id=6284","title":{"rendered":"Auftritt 2024"},"content":{"rendered":"\n<hr class=\"wp-block-separator has-alpha-channel-opacity\"\/>\n\n\n\n<h2 class=\"wp-block-heading\"><strong>Samstag 23. M\u00e4rz 2024:<\/strong><\/h2>\n\n\n\n<h3 class=\"wp-block-heading\">Jubil\u00e4umskonzert des Chors ad libitum aus Neuler in der Schlierbachhalle Neuler<strong> <\/strong><\/h3>\n\n\n\n<h2 class=\"wp-block-heading\">      <\/h2>\n\n\n\n<figure class=\"wp-block-gallery has-nested-images columns-default is-cropped wp-block-gallery-1 is-layout-flex wp-block-gallery-is-layout-flex\">\n<figure class=\"wp-block-image size-large\"><a href=\"https:\/\/gesangverein-woellstein.de\/wp-content\/uploads\/2024\/03\/adlibitum-Neuler.jpg\"><img loading=\"lazy\" decoding=\"async\" width=\"722\" height=\"1024\" data-id=\"6124\" src=\"https:\/\/gesangverein-woellstein.de\/wp-content\/uploads\/2024\/03\/adlibitum-Neuler-722x1024.jpg\" alt=\"\" class=\"wp-image-6124\" srcset=\"https:\/\/gesangverein-woellstein.de\/wp-content\/uploads\/2024\/03\/adlibitum-Neuler-722x1024.jpg 722w, https:\/\/gesangverein-woellstein.de\/wp-content\/uploads\/2024\/03\/adlibitum-Neuler-212x300.jpg 212w, https:\/\/gesangverein-woellstein.de\/wp-content\/uploads\/2024\/03\/adlibitum-Neuler-768x1089.jpg 768w, https:\/\/gesangverein-woellstein.de\/wp-content\/uploads\/2024\/03\/adlibitum-Neuler-1083x1536.jpg 1083w, https:\/\/gesangverein-woellstein.de\/wp-content\/uploads\/2024\/03\/adlibitum-Neuler.jpg 1128w\" sizes=\"auto, (max-width: 722px) 100vw, 722px\" \/><\/a><\/figure>\n<\/figure>\n\n\n\n<figure class=\"wp-block-image size-large\"><a href=\"https:\/\/gesangverein-woellstein.de\/wp-content\/uploads\/2024\/04\/IMG_7158-scaled.jpg\"><img loading=\"lazy\" decoding=\"async\" width=\"1024\" height=\"683\" src=\"https:\/\/gesangverein-woellstein.de\/wp-content\/uploads\/2024\/04\/IMG_7158-1024x683.jpg\" alt=\"\" class=\"wp-image-6407\" srcset=\"https:\/\/gesangverein-woellstein.de\/wp-content\/uploads\/2024\/04\/IMG_7158-1024x683.jpg 1024w, https:\/\/gesangverein-woellstein.de\/wp-content\/uploads\/2024\/04\/IMG_7158-300x200.jpg 300w, https:\/\/gesangverein-woellstein.de\/wp-content\/uploads\/2024\/04\/IMG_7158-768x512.jpg 768w, https:\/\/gesangverein-woellstein.de\/wp-content\/uploads\/2024\/04\/IMG_7158-1536x1024.jpg 1536w, https:\/\/gesangverein-woellstein.de\/wp-content\/uploads\/2024\/04\/IMG_7158-2048x1365.jpg 2048w\" sizes=\"auto, (max-width: 1024px) 100vw, 1024px\" \/><\/a><\/figure>\n\n\n\n<p><\/p>\n\n\n\n<p><a href=\"https:\/\/gesangverein-woellstein.de\/?page_id=6415\" data-type=\"page\" data-id=\"6415\" target=\"_blank\" rel=\"noreferrer noopener\">Hier<\/a> finden Sie weitere Fotos vom Konzert.<\/p>\n\n\n\n<p><\/p>\n\n\n\n<h4 class=\"wp-block-heading\">Unsere Songs an diesem Abend:<\/h4>\n\n\n\n<h5 class=\"wp-block-heading\">1. Nusssch\u00fcsselblues (Musik und Text: <span class=\"Type__TypeElement-goli3j-0 gPOKDu IpshWHA6nc9nJxRssAlb\">Mathias Zeh, Rainer Schacht<\/span>)&nbsp;<\/h5>\n\n\n\n<h6 class=\"wp-block-heading\">&nbsp;<\/h6>\n\n\n\n<h6 class=\"wp-block-heading\">&nbsp;<\/h6>\n\n\n\n<h5 class=\"wp-block-heading\">2. <span class=\"mw-page-title-main\">The Sound of Silence <\/span>(Musik und Text: <span class=\"mw-page-title-main\">Paul Simon)<\/span><\/h5>\n\n\n\n<h1 class=\"wp-block-heading\"> <span class=\"mw-page-title-main\"><br><\/span><\/h1>\n\n\n\n<h5 class=\"wp-block-heading\">3. Gm\u00e4hd wird (Musik: Roland Orzabal, Text und Arr.: Markus Angstenberger)<\/h5>\n\n\n\n<h1 class=\"wp-block-heading\"> <\/h1>\n\n\n\n<p><\/p>\n\n\n\n<h5 class=\"wp-block-heading\">4. Junggesellenabschied (Musik und Text: <span class=\"Type__TypeElement-goli3j-0 gPOKDu IpshWHA6nc9nJxRssAlb\">Mathias Zeh, Rainer Schacht<\/span>, Arr.: Markus Angstenberger)<\/h5>\n\n\n\n<p><\/p>\n\n\n\n<p><\/p>\n\n\n\n<h1 class=\"wp-block-heading\"> <\/h1>\n\n\n\n<h5 class=\"wp-block-heading\">Zugabe: Das S\u00e4gewerk Bad Segeberg (Musik und Text: <span class=\"Type__TypeElement-goli3j-0 gPOKDu IpshWHA6nc9nJxRssAlb\">Daniel Dickopf<\/span>)<\/h5>\n\n\n\n<p><\/p>\n\n\n\n<p>Dieser Konzertabend war ein ganz besonderer: Der Neulermer Chor ad libitum lud uns anl\u00e4sslich seines 25-j\u00e4hrigen Jubil\u00e4ums neben drei weiteren Gastch\u00f6ren nach Neuler ein. Wir bekamen in der bis auf den letzten Platz besetzten Schlierbachhalle von ad libitum und den anderen Gastch\u00f6ren hochwertigen Chorgesang zu Geh\u00f6r, bevor wir fast zum Schluss \u2013 vor dem Finale der Gastgeber \u2013 als kleinster Chor und als einziger M\u00e4nnerchor des Abends auf die B\u00fchne treten durften. Mit unserem witzigen Programm gelang es uns, das Publikum wirklich zu begeistern. Man bedachte uns sogar mit Standing Ovations!<\/p>\n\n\n\n<p><\/p>\n\n\n\n<figure class=\"wp-block-image size-large\"><a href=\"https:\/\/gesangverein-woellstein.de\/wp-content\/uploads\/2024\/04\/Programm_240313_Neuler-web.jpg\"><img loading=\"lazy\" decoding=\"async\" width=\"694\" height=\"1024\" src=\"https:\/\/gesangverein-woellstein.de\/wp-content\/uploads\/2024\/04\/Programm_240313_Neuler-web-694x1024.jpg\" alt=\"\" class=\"wp-image-6288\" srcset=\"https:\/\/gesangverein-woellstein.de\/wp-content\/uploads\/2024\/04\/Programm_240313_Neuler-web-694x1024.jpg 694w, https:\/\/gesangverein-woellstein.de\/wp-content\/uploads\/2024\/04\/Programm_240313_Neuler-web-203x300.jpg 203w, https:\/\/gesangverein-woellstein.de\/wp-content\/uploads\/2024\/04\/Programm_240313_Neuler-web-768x1132.jpg 768w, https:\/\/gesangverein-woellstein.de\/wp-content\/uploads\/2024\/04\/Programm_240313_Neuler-web.jpg 864w\" sizes=\"auto, (max-width: 694px) 100vw, 694px\" \/><\/a><\/figure>\n\n\n\n<p><\/p>\n\n\n\n<h1 class=\"wp-block-heading\"> <\/h1>\n\n\n\n<p><\/p>\n\n\n\n<p><\/p>\n\n\n\n<hr class=\"wp-block-separator has-alpha-channel-opacity\"\/>\n\n\n\n<hr class=\"wp-block-separator has-alpha-channel-opacity\"\/>\n\n\n\n<p><\/p>\n","protected":false},"excerpt":{"rendered":"<p>Samstag 23. M\u00e4rz 2024: Jubil\u00e4umskonzert des Chors ad libitum aus Neuler in der Schlierbachhalle Neuler Hier finden Sie weitere Fotos vom Konzert. Unsere Songs an diesem Abend: 1. Nusssch\u00fcsselblues (Musik und Text: Mathias Zeh, Rainer Schacht)&nbsp; &nbsp; &nbsp; 2. The Sound of Silence (Musik und Text: Paul Simon) 3. Gm\u00e4hd wird (Musik: Roland Orzabal, Text [&hellip;]<\/p>\n","protected":false},"author":2,"featured_media":0,"parent":18,"menu_order":0,"comment_status":"closed","ping_status":"closed","template":"","meta":{"footnotes":""},"class_list":["post-6284","page","type-page","status-publish","hentry"],"_links":{"self":[{"href":"https:\/\/gesangverein-woellstein.de\/index.php?rest_route=\/wp\/v2\/pages\/6284","targetHints":{"allow":["GET"]}}],"collection":[{"href":"https:\/\/gesangverein-woellstein.de\/index.php?rest_route=\/wp\/v2\/pages"}],"about":[{"href":"https:\/\/gesangverein-woellstein.de\/index.php?rest_route=\/wp\/v2\/types\/page"}],"author":[{"embeddable":true,"href":"https:\/\/gesangverein-woellstein.de\/index.php?rest_route=\/wp\/v2\/users\/2"}],"replies":[{"embeddable":true,"href":"https:\/\/gesangverein-woellstein.de\/index.php?rest_route=%2Fwp%2Fv2%2Fcomments&post=6284"}],"version-history":[{"count":21,"href":"https:\/\/gesangverein-woellstein.de\/index.php?rest_route=\/wp\/v2\/pages\/6284\/revisions"}],"predecessor-version":[{"id":8202,"href":"https:\/\/gesangverein-woellstein.de\/index.php?rest_route=\/wp\/v2\/pages\/6284\/revisions\/8202"}],"up":[{"embeddable":true,"href":"https:\/\/gesangverein-woellstein.de\/index.php?rest_route=\/wp\/v2\/pages\/18"}],"wp:attachment":[{"href":"https:\/\/gesangverein-woellstein.de\/index.php?rest_route=%2Fwp%2Fv2%2Fmedia&parent=6284"}],"curies":[{"name":"wp","href":"https:\/\/api.w.org\/{rel}","templated":true}]}}