{"id":5411,"date":"2023-05-23T18:42:44","date_gmt":"2023-05-23T16:42:44","guid":{"rendered":"http:\/\/gesangverein-woellstein.de\/?page_id=5411"},"modified":"2025-08-09T01:28:05","modified_gmt":"2025-08-08T23:28:05","slug":"dorfhaus-2","status":"publish","type":"page","link":"https:\/\/gesangverein-woellstein.de\/?page_id=5411","title":{"rendered":"Dorfhaus W\u00f6llstein"},"content":{"rendered":"\r\n<script type=\"text\/javascript\">\r\ndocument.addEventListener(\"DOMContentLoaded\", function(event) { \r\n\tjQuery( '#slider-pro-3-5412' ).sliderPro({\r\n\t\t\/\/width\r\n\t\t\t\twidth: 1000,\r\n\t\t\t\t\r\n\t\t\/\/height\r\n\t\t\t\theight: 500,\r\n\t\t\t\t\r\n\t\t\/\/auto play\r\n\t\t\t\t\t\tautoplay: true,\r\n\t\tautoplayOnHover: 'pause',\r\n\t\t\t\t\t\tautoplayDelay: 5000,\r\n\t\t\r\n\t\t\r\n\t\tarrows: true,\r\n\t\tbuttons: false,\r\n\t\tsmallSize: 500,\r\n\t\tmediumSize: 1000,\r\n\t\tlargeSize: 3000,\r\n\t\tfade: true,\r\n\t\t\r\n\t\t\/\/thumbnail\r\n\t\tthumbnailArrows: true,\r\n\t\tthumbnailWidth: 120,\r\n\t\tthumbnailHeight: 120,\r\n\t\t\t\t\t\tthumbnailsPosition: 'bottom',\r\n\t\t\t\t\t\tcenterImage: true,\r\n\t\timageScaleMode: 'cover',\r\n\t\tallowScaleUp: true,\r\n\t\t\t\tstartSlide: 0,\r\n\t\tloop: true,\r\n\t\tslideDistance: 5,\r\n\t\tautoplayDirection: 'normal',\r\n\t\ttouchSwipe: true,\r\n\t\tfullScreen: true,\r\n\t});\r\n});\r\n<\/script>\r\n\r\n\t\t<div id=\"slider-pro-3-5412\" class=\"slider-pro\">\r\n\t\t\t<!---- slides div start ---->\r\n\t\t\t<div class=\"sp-slides\">\r\n\t\t\t\t\t\t\t\t\t\t<div class=\"sp-slide\">\r\n\t\t\t\t\t\t\t<img decoding=\"async\" class=\"sp-image\" loading=\"lazy\" alt=\"SONY DSC\" src=\"https:\/\/gesangverein-woellstein.de\/wp-content\/plugins\/ultimate-responsive-image-slider\/assets\/css\/images\/blank.gif\" data-src=\"https:\/\/gesangverein-woellstein.de\/wp-content\/uploads\/2023\/05\/Dorfhaus-opti-scaled.jpg\" \/>\r\n\r\n\t\t\t\t\t\t\t\r\n\t\t\t\t\t\t\t\t\t\t\t\t\t<\/div>\r\n\t\t\t\t\t\t\t\t\t\t\t\t<div class=\"sp-slide\">\r\n\t\t\t\t\t\t\t<img decoding=\"async\" class=\"sp-image\" loading=\"lazy\" alt=\"20220514_171640\" src=\"https:\/\/gesangverein-woellstein.de\/wp-content\/plugins\/ultimate-responsive-image-slider\/assets\/css\/images\/blank.gif\" data-src=\"https:\/\/gesangverein-woellstein.de\/wp-content\/uploads\/2022\/05\/20220514_171640-scaled.jpg\" \/>\r\n\r\n\t\t\t\t\t\t\t\r\n\t\t\t\t\t\t\t\t\t\t\t\t\t<\/div>\r\n\t\t\t\t\t\t\t\t\t\t\t\t<div class=\"sp-slide\">\r\n\t\t\t\t\t\t\t<img decoding=\"async\" class=\"sp-image\" loading=\"lazy\" alt=\"20220514_171649\" src=\"https:\/\/gesangverein-woellstein.de\/wp-content\/plugins\/ultimate-responsive-image-slider\/assets\/css\/images\/blank.gif\" data-src=\"https:\/\/gesangverein-woellstein.de\/wp-content\/uploads\/2022\/05\/20220514_171649-scaled.jpg\" \/>\r\n\r\n\t\t\t\t\t\t\t\r\n\t\t\t\t\t\t\t\t\t\t\t\t\t<\/div>\r\n\t\t\t\t\t\t\t\t\t\t\t\t<div class=\"sp-slide\">\r\n\t\t\t\t\t\t\t<img decoding=\"async\" class=\"sp-image\" loading=\"lazy\" alt=\"Dorfhaus2\" src=\"https:\/\/gesangverein-woellstein.de\/wp-content\/plugins\/ultimate-responsive-image-slider\/assets\/css\/images\/blank.gif\" data-src=\"https:\/\/gesangverein-woellstein.de\/wp-content\/uploads\/2022\/05\/Dorfhaus2.jpg\" \/>\r\n\r\n\t\t\t\t\t\t\t\r\n\t\t\t\t\t\t\t\t\t\t\t\t\t<\/div>\r\n\t\t\t\t\t\t\t\t\t\t\t\t<div class=\"sp-slide\">\r\n\t\t\t\t\t\t\t<img decoding=\"async\" class=\"sp-image\" loading=\"lazy\" alt=\"Dorfhaus3\" src=\"https:\/\/gesangverein-woellstein.de\/wp-content\/plugins\/ultimate-responsive-image-slider\/assets\/css\/images\/blank.gif\" data-src=\"https:\/\/gesangverein-woellstein.de\/wp-content\/uploads\/2022\/05\/Dorfhaus3.jpg\" \/>\r\n\r\n\t\t\t\t\t\t\t\r\n\t\t\t\t\t\t\t\t\t\t\t\t\t<\/div>\r\n\t\t\t\t\t\t\t\t\t\t\t\t<div class=\"sp-slide\">\r\n\t\t\t\t\t\t\t<img decoding=\"async\" class=\"sp-image\" loading=\"lazy\" alt=\"Dorfhaus1\" src=\"https:\/\/gesangverein-woellstein.de\/wp-content\/plugins\/ultimate-responsive-image-slider\/assets\/css\/images\/blank.gif\" data-src=\"https:\/\/gesangverein-woellstein.de\/wp-content\/uploads\/2022\/05\/Dorfhaus1.jpg\" \/>\r\n\r\n\t\t\t\t\t\t\t\r\n\t\t\t\t\t\t\t\t\t\t\t\t\t<\/div>\r\n\t\t\t\t\t\t\t\t\t\t\t\t<div class=\"sp-slide\">\r\n\t\t\t\t\t\t\t<img decoding=\"async\" class=\"sp-image\" loading=\"lazy\" alt=\"Dorfhaus4\" src=\"https:\/\/gesangverein-woellstein.de\/wp-content\/plugins\/ultimate-responsive-image-slider\/assets\/css\/images\/blank.gif\" data-src=\"https:\/\/gesangverein-woellstein.de\/wp-content\/uploads\/2022\/05\/Dorfhaus4.jpg\" \/>\r\n\r\n\t\t\t\t\t\t\t\r\n\t\t\t\t\t\t\t\t\t\t\t\t\t<\/div>\r\n\t\t\t\t\t\t\t\t\t\t\t\t<div class=\"sp-slide\">\r\n\t\t\t\t\t\t\t<img decoding=\"async\" class=\"sp-image\" loading=\"lazy\" alt=\"P1055892\" src=\"https:\/\/gesangverein-woellstein.de\/wp-content\/plugins\/ultimate-responsive-image-slider\/assets\/css\/images\/blank.gif\" data-src=\"https:\/\/gesangverein-woellstein.de\/wp-content\/uploads\/2023\/05\/P1055892-scaled.jpg\" \/>\r\n\r\n\t\t\t\t\t\t\t\r\n\t\t\t\t\t\t\t\t\t\t\t\t\t<\/div>\r\n\t\t\t\t\t\t\t\t\t\t\t\t<div class=\"sp-slide\">\r\n\t\t\t\t\t\t\t<img decoding=\"async\" class=\"sp-image\" loading=\"lazy\" alt=\"20220514_171723\" src=\"https:\/\/gesangverein-woellstein.de\/wp-content\/plugins\/ultimate-responsive-image-slider\/assets\/css\/images\/blank.gif\" data-src=\"https:\/\/gesangverein-woellstein.de\/wp-content\/uploads\/2022\/05\/20220514_171723-scaled.jpg\" \/>\r\n\r\n\t\t\t\t\t\t\t\r\n\t\t\t\t\t\t\t\t\t\t\t\t\t<\/div>\r\n\t\t\t\t\t\t\t\t\t\t\t\t<div class=\"sp-slide\">\r\n\t\t\t\t\t\t\t<img decoding=\"async\" class=\"sp-image\" loading=\"lazy\" alt=\"20220514_171706\" src=\"https:\/\/gesangverein-woellstein.de\/wp-content\/plugins\/ultimate-responsive-image-slider\/assets\/css\/images\/blank.gif\" data-src=\"https:\/\/gesangverein-woellstein.de\/wp-content\/uploads\/2022\/05\/20220514_171706-scaled.jpg\" \/>\r\n\r\n\t\t\t\t\t\t\t\r\n\t\t\t\t\t\t\t\t\t\t\t\t\t<\/div>\r\n\t\t\t\t\t\t\t\t\t<\/div>\r\n\t\t\t\r\n\t\t\t<!---- slides div end ---->\r\n\t\t\t\t\t\t<!-- slides thumbnails div end -->\r\n\t\t<\/div>\r\n\t\t<style>\r\n\/* Layout 3 *\/\r\n\/* border *\/\r\n#slider-pro-3-5412 .sp-selected-thumbnail {\r\n\tborder: 4px solid #000000;\r\n}\r\n\r\n\/* font + color *\/\r\n.title-in  {\r\n\tfont-family: Arial !important;\r\n\tcolor: #FFFFFF !important;\r\n\tbackground-color: #000000 !important;\r\n\topacity: 0.7 !important;\r\n}\r\n.desc-in  {\r\n\tfont-family: Arial !important;\r\n\tcolor: #FFFFFF !important;\r\n\tbackground-color: #00000 !important;\r\n\topacity: 0.7 !important;\r\n}\r\n\r\n\/* bullets color *\/\r\n.sp-button  {\r\n\tborder: 2px solid #000000 !important;\r\n}\r\n.sp-selected-button  {\r\n\tbackground-color: #000000 !important;\r\n}\r\n\r\n\/* pointer color - bottom *\/\r\n.sp-selected-thumbnail::before {\r\n\tborder-bottom: 5px solid #000000 !important;\r\n}\r\n.sp-selected-thumbnail::after {\r\n\tborder-bottom: 13px solid #000000 !important;\r\n}\r\n\r\n\/* pointer color - top *\/\r\n\r\n\/* full screen icon *\/\r\n.sp-full-screen-button::before {\r\n    color: #FFFFFF !important;\r\n}\r\n\r\n\/* hover navigation icon color *\/\r\n.sp-next-arrow::after, .sp-next-arrow::before {\r\n\tbackground-color: #FFFFFF !important;\r\n}\r\n.sp-previous-arrow::after, .sp-previous-arrow::before {\r\n\tbackground-color: #FFFFFF !important;\r\n}\r\n\r\n#slider-pro-3-5412 .title-in {\r\n\tcolor: #FFFFFF !important;\r\n\tfont-weight: bolder;\r\n\ttext-align: center;\r\n}\r\n\r\n#slider-pro-3-5412 .title-in-bg {\r\n\tbackground: rgba(255, 255, 255, 0.7); !important;\r\n\twhite-space: unset !important;\r\n\ttransform: initial !important;\r\n\t-webkit-transform: initial !important;\r\n\tfont-size: 14px !important;\r\n}\r\n\r\n#slider-pro-3-5412 .desc-in {\r\n\tcolor: #FFFFFF !important;\r\n\ttext-align: center;\r\n}\r\n#slider-pro-3-5412 .desc-in-bg {\r\n\tbackground: rgba(#00000, 0.7) !important;\r\n\twhite-space: unset !important;\r\n\ttransform: initial !important;\r\n\t-webkit-transform: initial !important;\r\n\tfont-size: 13px !important;\r\n}\r\n\r\n@media (max-width: 640px) {\r\n\t#slider-pro-3-5412 .hide-small-screen {\r\n\t\tdisplay: none;\r\n\t}\r\n}\r\n\r\n@media (max-width: 860px) {\r\n\t#slider-pro-3-5412 .sp-layer {\r\n\t\tfont-size: 18px;\r\n\t}\r\n\t\r\n\t#slider-pro-3-5412 .hide-medium-screen {\r\n\t\tdisplay: none;\r\n\t}\r\n}\r\n.slides-not-found {\r\n\tbackground-color: #a92929;\r\n\tborder-radius: 5px;\r\n\tcolor: #fff;\r\n\tfont-family: initial;\r\n\ttext-align: center;\r\n\tpadding:12px;\r\n}\r\n\/* Custom CSS *\/\r\n<\/style>\r\n\r\n\r\n<p>&nbsp;<\/p>\r\n<p>Der Gesangverein W\u00f6llstein verf\u00fcgt \u00fcber ein eigenes Haus in idyllischer Lage hoch \u00fcber dem Kochertal. Es entstand fast ausschlie\u00dflich in Eigenarbeit der Vereinsmitglieder. <strong>Das Haus wartet mit einer Sonnenterrasse mit fantastischer Aussicht auf die umliegende Landschaft auf. Es wird nicht nur<\/strong> <strong>f\u00fcr die <a href=\"https:\/\/gesangverein-woellstein.de\/?page_id=18\">Chorproben<\/a> des Vereins genutzt, sondern dient zudem als lebendiger Mittelpunkt f\u00fcr das Dorfleben<\/strong> <strong>und kann dar\u00fcber hinaus auch f\u00fcr private Feiern und andere Veranstaltungen angemietet werden<\/strong>. <strong>F\u00fcr Buchungsanfragen nutzen Sie bitte unser <a href=\"https:\/\/gesangverein-woellstein.de\/?page_id=56\">Kontaktformular<\/a>.<\/strong><\/p>\r\n<p>Zudem findet immer am <strong>Sonntagvormittag ab 10 Uhr ein z\u00fcnftiger Fr\u00fchschoppen<\/strong> im Dorfhaus statt (n\u00e4here Infos siehe <a href=\"https:\/\/gesangverein-woellstein.de\/?page_id=109\">Veranstaltungshinweise<\/a>).<\/p>\r\n<p><a href=\"https:\/\/gesangverein-woellstein.de\/?page_id=4342\">Beachten Sie bitte auch unsere Fotogalerie vom Saal und von der Terrasse unseres Hauses.<\/a><\/p>\r\n<p><strong>Anfahrt: <\/strong>(durch Klicken auf die Karte vergr\u00f6\u00dfern)<\/p>\r\n<p><a href=\"https:\/\/gesangverein-woellstein.de\/wp-content\/uploads\/2015\/09\/Anfahrtskizze1.jpg\"><img loading=\"lazy\" decoding=\"async\" class=\"alignnone wp-image-542\" src=\"https:\/\/gesangverein-woellstein.de\/wp-content\/uploads\/2015\/09\/Anfahrtskizze1-1024x697.jpg\" alt=\"\" width=\"461\" height=\"314\" srcset=\"https:\/\/gesangverein-woellstein.de\/wp-content\/uploads\/2015\/09\/Anfahrtskizze1-1024x697.jpg 1024w, https:\/\/gesangverein-woellstein.de\/wp-content\/uploads\/2015\/09\/Anfahrtskizze1-300x204.jpg 300w, https:\/\/gesangverein-woellstein.de\/wp-content\/uploads\/2015\/09\/Anfahrtskizze1.jpg 1611w\" sizes=\"auto, (max-width: 461px) 100vw, 461px\" \/><\/a><\/p>\r\n<h6>Kartenquelle: <a href=\"https:\/\/www.openstreetmap.org\/#map=15\/48.9057\/9.9635\" target=\"_blank\" rel=\"noopener noreferrer\">OpenStreetMap<\/a> Lizenz: CC-BY-SA 2.0<\/h6>","protected":false},"excerpt":{"rendered":"<p>&nbsp; Der Gesangverein W\u00f6llstein verf\u00fcgt \u00fcber ein eigenes Haus in idyllischer Lage hoch \u00fcber dem Kochertal. Es entstand fast ausschlie\u00dflich in Eigenarbeit der Vereinsmitglieder. Das Haus wartet mit einer Sonnenterrasse mit fantastischer Aussicht auf die umliegende Landschaft auf. Es wird nicht nur f\u00fcr die Chorproben des Vereins genutzt, sondern dient zudem als lebendiger Mittelpunkt f\u00fcr [&hellip;]<\/p>\n","protected":false},"author":2,"featured_media":0,"parent":0,"menu_order":0,"comment_status":"closed","ping_status":"closed","template":"page-fullwidth.php","meta":{"footnotes":""},"class_list":["post-5411","page","type-page","status-publish","hentry"],"_links":{"self":[{"href":"https:\/\/gesangverein-woellstein.de\/index.php?rest_route=\/wp\/v2\/pages\/5411","targetHints":{"allow":["GET"]}}],"collection":[{"href":"https:\/\/gesangverein-woellstein.de\/index.php?rest_route=\/wp\/v2\/pages"}],"about":[{"href":"https:\/\/gesangverein-woellstein.de\/index.php?rest_route=\/wp\/v2\/types\/page"}],"author":[{"embeddable":true,"href":"https:\/\/gesangverein-woellstein.de\/index.php?rest_route=\/wp\/v2\/users\/2"}],"replies":[{"embeddable":true,"href":"https:\/\/gesangverein-woellstein.de\/index.php?rest_route=%2Fwp%2Fv2%2Fcomments&post=5411"}],"version-history":[{"count":24,"href":"https:\/\/gesangverein-woellstein.de\/index.php?rest_route=\/wp\/v2\/pages\/5411\/revisions"}],"predecessor-version":[{"id":7504,"href":"https:\/\/gesangverein-woellstein.de\/index.php?rest_route=\/wp\/v2\/pages\/5411\/revisions\/7504"}],"wp:attachment":[{"href":"https:\/\/gesangverein-woellstein.de\/index.php?rest_route=%2Fwp%2Fv2%2Fmedia&parent=5411"}],"curies":[{"name":"wp","href":"https:\/\/api.w.org\/{rel}","templated":true}]}}