{"id":5339,"date":"2023-05-10T15:53:26","date_gmt":"2023-05-10T13:53:26","guid":{"rendered":"http:\/\/gesangverein-woellstein.de\/?page_id=5339"},"modified":"2026-03-26T21:18:54","modified_gmt":"2026-03-26T20:18:54","slug":"interne-termine-2-3","status":"publish","type":"page","link":"https:\/\/gesangverein-woellstein.de\/?page_id=5339","title":{"rendered":"Interne Termine"},"content":{"rendered":"<!-- \/wp:post-content -->\r\n\r\n<!-- wp:separator \/--><!-- \/wp:separator -->\r\n\r\n<!-- wp:separator --><!-- \/wp:separator --><!-- \/wp:separator -->\r\n<h2><strong>Ostergottesdienst in der Jakobuskapelle W\u00f6llstein<\/strong><\/h2>\r\n<h4>Ostermontag, 6. April, Einsingen ab 9.30 Uhr <strong>in der Kapelle<\/strong><\/h4>\r\n<!-- wp:separator --><hr class=\"wp-block-separator has-alpha-channel-opacity\" \/><!-- \/wp:separator -->\r\n\r\n<!-- wp:separator --><hr class=\"wp-block-separator has-alpha-channel-opacity\" \/>\r\n<p><!-- \/wp:separator --><!-- \/wp:separator --><\/p>\r\n<p><!-- \/wp:separator --><\/p>\r\n<h2><strong>Vereins- und Dorfstammtisch W\u00f6llstein<\/strong><\/h2>\r\n<h4><!-- \/wp:separator -->\r\n\r\n<!-- wp:heading {\"level\":4} --><\/h4>\r\n<h4>Der n\u00e4chste Stammtisch findet am <em><strong>Freitag, den 17<\/strong>. April 2026 ab 19.00 Uhr<\/em> statt. F\u00fcr Speis und Trank ist gesorgt.<\/h4>\r\n<h4><strong>W<\/strong><strong>eiterhin findet er in <\/strong><strong>der Regel an jedem dritten Freitag im Monat statt<\/strong><strong>. Keine Voranmeldung n\u00f6tig.<br \/><\/strong><\/h4>\r\n<h4><strong>Auf euer Kommen freuen wir uns.<\/strong><\/h4>\r\n<h4><strong>Gru\u00df <br \/><\/strong><strong>Anton,<\/strong><strong> Thomas <\/strong><strong>und Rainer<\/strong><\/h4>\r\n<h4><img decoding=\"async\" class=\"emoji\" role=\"img\" draggable=\"false\" src=\"https:\/\/s.w.org\/images\/core\/emoji\/16.0.1\/svg\/1f37a.svg\" alt=\"\ud83c\udf7a\" \/><img decoding=\"async\" class=\"emoji\" role=\"img\" draggable=\"false\" src=\"https:\/\/s.w.org\/images\/core\/emoji\/16.0.1\/svg\/1f354.svg\" alt=\"\ud83c\udf54\" \/><img decoding=\"async\" class=\"emoji\" role=\"img\" draggable=\"false\" src=\"https:\/\/s.w.org\/images\/core\/emoji\/16.0.1\/svg\/1f64b-200d-2642-fe0f.svg\" alt=\"\ud83d\ude4b\u200d\u2642\ufe0f\" \/><img decoding=\"async\" class=\"emoji\" role=\"img\" draggable=\"false\" src=\"https:\/\/s.w.org\/images\/core\/emoji\/16.0.1\/svg\/1f920.svg\" alt=\"\ud83e\udd20\" \/><\/h4>\r\n<h4><!-- wp:separator --><!-- \/wp:separator --><!-- \/wp:separator -->\r\n\r\n<!-- wp:paragraph \/-->\r\n\r\n<!-- wp:separator --><\/h4>\r\n<hr class=\"wp-block-separator has-alpha-channel-opacity\" \/>\r\n<h4><!-- \/wp:separator -->\r\n\r\n<!-- wp:separator --><\/h4>\r\n<hr class=\"wp-block-separator has-alpha-channel-opacity\" \/>\r\n<p><!-- \/wp:separator --><!-- \/wp:separator --><\/p>\r\n<p><!-- \/wp:separator --><\/p>\r\n<h4>Alle Veranstaltungen finden, wenn nicht anders angegeben, im Dorfhaus W\u00f6llstein statt. Wir freuen uns auf Euer Kommen!<\/h4>","protected":false},"excerpt":{"rendered":"<p>Ostergottesdienst in der Jakobuskapelle W\u00f6llstein Ostermontag, 6. April, Einsingen ab 9.30 Uhr in der Kapelle Vereins- und Dorfstammtisch W\u00f6llstein Der n\u00e4chste Stammtisch findet am Freitag, den 17. April 2026 ab 19.00 Uhr statt. F\u00fcr Speis und Trank ist gesorgt. Weiterhin findet er in der Regel an jedem dritten Freitag im Monat statt. Keine Voranmeldung n\u00f6tig. [&hellip;]<\/p>\n","protected":false},"author":2,"featured_media":0,"parent":0,"menu_order":0,"comment_status":"closed","ping_status":"closed","template":"","meta":{"footnotes":""},"class_list":["post-5339","page","type-page","status-publish","hentry"],"_links":{"self":[{"href":"https:\/\/gesangverein-woellstein.de\/index.php?rest_route=\/wp\/v2\/pages\/5339","targetHints":{"allow":["GET"]}}],"collection":[{"href":"https:\/\/gesangverein-woellstein.de\/index.php?rest_route=\/wp\/v2\/pages"}],"about":[{"href":"https:\/\/gesangverein-woellstein.de\/index.php?rest_route=\/wp\/v2\/types\/page"}],"author":[{"embeddable":true,"href":"https:\/\/gesangverein-woellstein.de\/index.php?rest_route=\/wp\/v2\/users\/2"}],"replies":[{"embeddable":true,"href":"https:\/\/gesangverein-woellstein.de\/index.php?rest_route=%2Fwp%2Fv2%2Fcomments&post=5339"}],"version-history":[{"count":172,"href":"https:\/\/gesangverein-woellstein.de\/index.php?rest_route=\/wp\/v2\/pages\/5339\/revisions"}],"predecessor-version":[{"id":8496,"href":"https:\/\/gesangverein-woellstein.de\/index.php?rest_route=\/wp\/v2\/pages\/5339\/revisions\/8496"}],"wp:attachment":[{"href":"https:\/\/gesangverein-woellstein.de\/index.php?rest_route=%2Fwp%2Fv2%2Fmedia&parent=5339"}],"curies":[{"name":"wp","href":"https:\/\/api.w.org\/{rel}","templated":true}]}}