{"id":5299,"date":"2023-05-03T11:45:23","date_gmt":"2023-05-03T09:45:23","guid":{"rendered":"http:\/\/gesangverein-woellstein.de\/?page_id=5299"},"modified":"2026-05-02T21:19:53","modified_gmt":"2026-05-02T19:19:53","slug":"home-2-2-2-3-2-2-3","status":"publish","type":"page","link":"https:\/\/gesangverein-woellstein.de\/","title":{"rendered":"Herzlich Willkommen beim Gesangverein W\u00f6llstein 1895 e.V."},"content":{"rendered":"\r\n<p style=\"font-size: 17px;\"><strong>W\u00f6llstein, im Mai 2026<\/strong><\/p>\r\n\r\n\r\n<hr class=\"wp-block-separator has-alpha-channel-opacity\" \/>\r\n\r\n<hr class=\"wp-block-separator has-alpha-channel-opacity\" \/>\r\n\r\n<!-- \/wp:post-content -->\r\n<h2>Vatertag am Dorfhaus!<\/h2>\r\n<p>&nbsp;<\/p>\r\n<p><a href=\"https:\/\/gesangverein-woellstein.de\/wp-content\/uploads\/2026\/04\/Vatertag-2026.jpg\"><img loading=\"lazy\" decoding=\"async\" class=\"alignnone  wp-image-8553\" src=\"https:\/\/gesangverein-woellstein.de\/wp-content\/uploads\/2026\/04\/Vatertag-2026-716x1024.jpg\" alt=\"\" width=\"509\" height=\"728\" srcset=\"https:\/\/gesangverein-woellstein.de\/wp-content\/uploads\/2026\/04\/Vatertag-2026-716x1024.jpg 716w, https:\/\/gesangverein-woellstein.de\/wp-content\/uploads\/2026\/04\/Vatertag-2026-210x300.jpg 210w, https:\/\/gesangverein-woellstein.de\/wp-content\/uploads\/2026\/04\/Vatertag-2026.jpg 733w\" sizes=\"auto, (max-width: 509px) 100vw, 509px\" \/><\/a><\/p>\r\n<p>&nbsp;<\/p>\r\n<p><strong>Am Donnerstag, den 14. Mai (Christi Himmelfahrt), veranstaltet der Gesangverein W\u00f6llstein ab 9.30 Uhr sein Vatertagsfest\u00a0im und am <a href=\"https:\/\/gesangverein-woellstein.de\/?page_id=5411\">Dorfhaus W\u00f6llstein<\/a>. Dazu sind alle recht herzlich eingeladen! Sie k\u00f6nnen es sich bei z\u00fcnftigen Speisen, Spezialit\u00e4ten vom Grill, erfrischenden Getr\u00e4nken oder Kaffee und Kuchen gut gehen lassen und die herrliche Aussicht von der Sonnenterrasse des Dorfhauses genie\u00dfen. Auch in unserem Festzelt und im Saal unseres Dorfhauses hei\u00dfen wir Sie herzlich willkommen!<\/strong><\/p>\r\n<!-- wp:separator -->\r\n\r\n<!-- wp:separator --><hr class=\"wp-block-separator has-alpha-channel-opacity\" \/><!-- \/wp:separator -->\r\n\r\n<!-- wp:separator --><hr class=\"wp-block-separator has-alpha-channel-opacity\" \/><!-- \/wp:separator --><!-- \/wp:separator --><!-- \/wp:separator -->\r\n<h2 class=\"wp-block-heading\">Unser Verein<\/h2>\r\n<h2><!-- \/wp:heading -->\r\n\r\n<!-- wp:paragraph --><\/h2>\r\n<p>Seit seiner Gr\u00fcndung im Jahr 1895 hat sich der Gesangverein W\u00f6llstein zum Garanten f\u00fcr mitrei\u00dfenden Chorgesang entwickelt \u2013 in W\u00f6llstein, in der gesamten Gemeinde Abtsgm\u00fcnd und \u00fcber deren Grenzen hinaus.<\/p>\r\n<h2><!-- \/wp:paragraph -->\r\n\r\n<!-- wp:paragraph --><\/h2>\r\n<p>Unser Verein z\u00e4hlt rund 20 aktive und 120 passive Mitglieder. Er beteiligt sich rege am kulturellen Leben der Gemeinde und ist aus dem Dorfleben von W\u00f6llstein nicht mehr wegzudenken. Von gro\u00dfer Bedeutung ist in diesem Zusammenhang auch unser <a href=\"https:\/\/gesangverein-woellstein.de\/?page_id=5411\" data-type=\"page\" data-id=\"5411\">Dorfhaus<\/a>, wo wir zum einen <span class=\"Apple-converted-space\">immer dienstagabends <\/span>um 19.30 Uhr, engagiert und professionell geleitet von unserem Chorleiter und Dirigenten Markus Angstenberger, die w\u00f6chentlichen Chorproben unseres <a href=\"https:\/\/gesangverein-woellstein.de\/?page_id=18\" data-type=\"page\" data-id=\"18\">M\u00e4nnerchors<\/a> abhalten, das aber auch f\u00fcr verschiedenste private und \u00f6ffentliche Veranstaltungen und Festlichkeiten genutzt werden kann (<a href=\"https:\/\/gesangverein-woellstein.de\/?page_id=56\" data-type=\"page\" data-id=\"56\">f\u00fcr Buchungs\u00adanfragen bitte hier klicken<\/a>).<\/p>\r\n<h2><!-- \/wp:paragraph -->\r\n\r\n<!-- wp:paragraph --><\/h2>\r\n<p>&nbsp;<\/p>\r\n<h2><!-- \/wp:paragraph --><\/h2>","protected":false},"excerpt":{"rendered":"<p>Vatertag am Dorfhaus! &nbsp; &nbsp; Am Donnerstag, den 14. Mai (Christi Himmelfahrt), veranstaltet der Gesangverein W\u00f6llstein ab 9.30 Uhr sein Vatertagsfest\u00a0im und am Dorfhaus W\u00f6llstein. Dazu sind alle recht herzlich eingeladen! Sie k\u00f6nnen es sich bei z\u00fcnftigen Speisen, Spezialit\u00e4ten vom Grill, erfrischenden Getr\u00e4nken oder Kaffee und Kuchen gut gehen lassen und die herrliche Aussicht von [&hellip;]<\/p>\n","protected":false},"author":2,"featured_media":0,"parent":0,"menu_order":0,"comment_status":"closed","ping_status":"closed","template":"","meta":{"footnotes":""},"class_list":["post-5299","page","type-page","status-publish","hentry"],"_links":{"self":[{"href":"https:\/\/gesangverein-woellstein.de\/index.php?rest_route=\/wp\/v2\/pages\/5299","targetHints":{"allow":["GET"]}}],"collection":[{"href":"https:\/\/gesangverein-woellstein.de\/index.php?rest_route=\/wp\/v2\/pages"}],"about":[{"href":"https:\/\/gesangverein-woellstein.de\/index.php?rest_route=\/wp\/v2\/types\/page"}],"author":[{"embeddable":true,"href":"https:\/\/gesangverein-woellstein.de\/index.php?rest_route=\/wp\/v2\/users\/2"}],"replies":[{"embeddable":true,"href":"https:\/\/gesangverein-woellstein.de\/index.php?rest_route=%2Fwp%2Fv2%2Fcomments&post=5299"}],"version-history":[{"count":195,"href":"https:\/\/gesangverein-woellstein.de\/index.php?rest_route=\/wp\/v2\/pages\/5299\/revisions"}],"predecessor-version":[{"id":8589,"href":"https:\/\/gesangverein-woellstein.de\/index.php?rest_route=\/wp\/v2\/pages\/5299\/revisions\/8589"}],"wp:attachment":[{"href":"https:\/\/gesangverein-woellstein.de\/index.php?rest_route=%2Fwp%2Fv2%2Fmedia&parent=5299"}],"curies":[{"name":"wp","href":"https:\/\/api.w.org\/{rel}","templated":true}]}}