{"id":3010,"date":"2019-12-04T18:51:52","date_gmt":"2019-12-04T17:51:52","guid":{"rendered":"http:\/\/gesangverein-woellstein.de\/?page_id=3010"},"modified":"2025-12-30T18:09:12","modified_gmt":"2025-12-30T17:09:12","slug":"archivbilder-neu","status":"publish","type":"page","link":"https:\/\/gesangverein-woellstein.de\/?page_id=3010","title":{"rendered":"Archivfotos"},"content":{"rendered":"\r\n<figure class=\"wp-block-image\"><a href=\"https:\/\/gesangverein-woellstein.de\/wp-content\/uploads\/2017\/02\/Motto.jpg\"><img loading=\"lazy\" decoding=\"async\" width=\"1024\" height=\"576\" class=\"wp-image-1183\" src=\"https:\/\/gesangverein-woellstein.de\/wp-content\/uploads\/2017\/02\/Motto-1024x576.jpg\" alt=\"\" srcset=\"https:\/\/gesangverein-woellstein.de\/wp-content\/uploads\/2017\/02\/Motto-1024x576.jpg 1024w, https:\/\/gesangverein-woellstein.de\/wp-content\/uploads\/2017\/02\/Motto-300x169.jpg 300w, https:\/\/gesangverein-woellstein.de\/wp-content\/uploads\/2017\/02\/Motto-768x432.jpg 768w, https:\/\/gesangverein-woellstein.de\/wp-content\/uploads\/2017\/02\/Motto.jpg 2048w\" sizes=\"auto, (max-width: 1024px) 100vw, 1024px\" \/><\/a><\/figure>\r\n\r\n\r\n\r\n<p>&nbsp;<\/p>\r\n\r\n\r\n\r\n<p>&nbsp;<\/p>\r\n\r\n\r\n\r\n<figure><\/figure>\r\n<figure><\/figure>\r\n<figure class=\"wp-block-image\"><a href=\"https:\/\/gesangverein-woellstein.de\/wp-content\/uploads\/2017\/01\/Vereinsfahne.jpg\"><img loading=\"lazy\" decoding=\"async\" width=\"862\" height=\"841\" class=\"wp-image-1156\" src=\"https:\/\/gesangverein-woellstein.de\/wp-content\/uploads\/2017\/01\/Vereinsfahne.jpg\" alt=\"\" srcset=\"https:\/\/gesangverein-woellstein.de\/wp-content\/uploads\/2017\/01\/Vereinsfahne.jpg 862w, https:\/\/gesangverein-woellstein.de\/wp-content\/uploads\/2017\/01\/Vereinsfahne-300x293.jpg 300w, https:\/\/gesangverein-woellstein.de\/wp-content\/uploads\/2017\/01\/Vereinsfahne-768x749.jpg 768w, https:\/\/gesangverein-woellstein.de\/wp-content\/uploads\/2017\/01\/Vereinsfahne-60x60.jpg 60w\" sizes=\"auto, (max-width: 862px) 100vw, 862px\" \/><\/a><br \/><br \/><br \/><strong><br \/><br \/><a href=\"https:\/\/gesangverein-woellstein.de\/wp-content\/uploads\/2025\/10\/Gruppenfoto-25-102-f1.jpg\"><img loading=\"lazy\" decoding=\"async\" class=\"alignnone  wp-image-7639\" src=\"https:\/\/gesangverein-woellstein.de\/wp-content\/uploads\/2025\/10\/Gruppenfoto-25-102-f1-1024x497.jpg\" alt=\"\" width=\"842\" height=\"408\" srcset=\"https:\/\/gesangverein-woellstein.de\/wp-content\/uploads\/2025\/10\/Gruppenfoto-25-102-f1-1024x497.jpg 1024w, https:\/\/gesangverein-woellstein.de\/wp-content\/uploads\/2025\/10\/Gruppenfoto-25-102-f1-300x146.jpg 300w, https:\/\/gesangverein-woellstein.de\/wp-content\/uploads\/2025\/10\/Gruppenfoto-25-102-f1-768x373.jpg 768w, https:\/\/gesangverein-woellstein.de\/wp-content\/uploads\/2025\/10\/Gruppenfoto-25-102-f1-1536x745.jpg 1536w, https:\/\/gesangverein-woellstein.de\/wp-content\/uploads\/2025\/10\/Gruppenfoto-25-102-f1-2048x994.jpg 2048w\" sizes=\"auto, (max-width: 842px) 100vw, 842px\" \/><\/a><br \/><br \/><\/strong><strong><strong>Gruppenbild 1 vom 5. Oktober 2025<br \/><\/strong><\/strong>\r\n<h6>Von links nach rechts: <br \/>Chorleiter Markus Angstenberger, Simon Angstenberger, Rainer Mayer, Holger Murschall, Erwin Eberhard, Jonas Barth, Tobias Sch\u00f6ller, Rainer Barth, Karl Heinz Bieg, Matthias Feil, Stephan Gora, Martin Angstenberger, Thomas Angstenberger, Thomas R\u00e4der, Hermann Kriwanek, Klaus Lauble, Kurt M\u00fcller, Kevin Maier, Walter Fuchs, Anton Hegele<\/h6>\r\n<p>&nbsp;<\/p>\r\n<\/figure>\r\n<figure><\/figure>\r\n<figure><a href=\"https:\/\/gesangverein-woellstein.de\/wp-content\/uploads\/2025\/12\/GVW-021_crop-scaled.jpg\"><img loading=\"lazy\" decoding=\"async\" class=\"size-large wp-image-8028\" src=\"https:\/\/gesangverein-woellstein.de\/wp-content\/uploads\/2025\/12\/GVW-021_crop-1024x728.jpg\" alt=\"\" width=\"648\" height=\"461\" srcset=\"https:\/\/gesangverein-woellstein.de\/wp-content\/uploads\/2025\/12\/GVW-021_crop-1024x728.jpg 1024w, https:\/\/gesangverein-woellstein.de\/wp-content\/uploads\/2025\/12\/GVW-021_crop-300x213.jpg 300w, https:\/\/gesangverein-woellstein.de\/wp-content\/uploads\/2025\/12\/GVW-021_crop-768x546.jpg 768w, https:\/\/gesangverein-woellstein.de\/wp-content\/uploads\/2025\/12\/GVW-021_crop-1536x1092.jpg 1536w, https:\/\/gesangverein-woellstein.de\/wp-content\/uploads\/2025\/12\/GVW-021_crop-2048x1457.jpg 2048w\" sizes=\"auto, (max-width: 648px) 100vw, 648px\" \/><\/a><\/figure>\r\n<figure><strong style=\"font-size: 16px;\">Gruppenbild 2 vom 5. Oktober 2025<\/strong><\/figure>\r\n<figure class=\"wp-block-image\">\r\n<h6>Von links nach rechts: <br \/>Chorleiter Markus Angstenberger, Rainer Mayer, Erwin Eberhard, Holger Murschall, Tobias Sch\u00f6ller, Rainer Barth, Jonas Barth, Matthias Feil, Stephan Gora, Karl Heinz Bieg, Thomas Angstenberger, Martin Angstenberger, Hermann Kriwanek, Thomas R\u00e4der, Kevin Maier, Simon Angstenberger, Walter Fuchs, Kurt M\u00fcller, Klaus Lauble, Anton Hegele<\/h6>\r\n<p>&nbsp;<\/p>\r\n<\/figure>\r\n\r\n\r\n\r\n<figure class=\"wp-block-image\"><a href=\"https:\/\/gesangverein-woellstein.de\/wp-content\/uploads\/2017\/05\/titelbild_Gruppenbild-Mai-2017.jpg\"><img loading=\"lazy\" decoding=\"async\" width=\"1024\" height=\"464\" class=\"wp-image-1309\" src=\"https:\/\/gesangverein-woellstein.de\/wp-content\/uploads\/2017\/05\/titelbild_Gruppenbild-Mai-2017-1024x464.jpg\" alt=\"\" srcset=\"https:\/\/gesangverein-woellstein.de\/wp-content\/uploads\/2017\/05\/titelbild_Gruppenbild-Mai-2017-1024x464.jpg 1024w, https:\/\/gesangverein-woellstein.de\/wp-content\/uploads\/2017\/05\/titelbild_Gruppenbild-Mai-2017-300x136.jpg 300w, https:\/\/gesangverein-woellstein.de\/wp-content\/uploads\/2017\/05\/titelbild_Gruppenbild-Mai-2017-768x348.jpg 768w, https:\/\/gesangverein-woellstein.de\/wp-content\/uploads\/2017\/05\/titelbild_Gruppenbild-Mai-2017.jpg 1824w\" sizes=\"auto, (max-width: 1024px) 100vw, 1024px\" \/><\/a>\r\n<figcaption><strong><strong>Gruppenbild Mai 2017 <br \/><\/strong><\/strong>\r\n<h6>1. Reihe (von links nach rechts): <br \/>Dieter Renschler, Rainer Meyer, Hans Barth, Matthias Feil, Julian Stirner, Hermann Kriwanek, Berthold Stirner, Robert Werner<\/h6>\r\n<h6>2. Reihe:<br \/>Martin Angstenberger, Holger Murschall, Karl Heinz Bieg, Rainer Barth, Thomas Angstenberger, Simon Angstenberger, Anton Hegele, Manfred Betz, Heiner Fischer, Chorleiter Markus Angstenberger<\/h6>\r\n<p>&nbsp;<\/p>\r\n<\/figcaption>\r\n<\/figure>\r\n\r\n\r\n\r\n<p><a href=\"https:\/\/gesangverein-woellstein.de\/wp-content\/uploads\/2016\/07\/Titelbild_Ausflug2016_1.jpg\"><img loading=\"lazy\" decoding=\"async\" width=\"1024\" height=\"315\" class=\"wp-image-969 alignnone\" src=\"https:\/\/gesangverein-woellstein.de\/wp-content\/uploads\/2016\/07\/Titelbild_Ausflug2016_1-1024x315.jpg\" alt=\"\" srcset=\"https:\/\/gesangverein-woellstein.de\/wp-content\/uploads\/2016\/07\/Titelbild_Ausflug2016_1-1024x315.jpg 1024w, https:\/\/gesangverein-woellstein.de\/wp-content\/uploads\/2016\/07\/Titelbild_Ausflug2016_1-300x92.jpg 300w, https:\/\/gesangverein-woellstein.de\/wp-content\/uploads\/2016\/07\/Titelbild_Ausflug2016_1-768x236.jpg 768w, https:\/\/gesangverein-woellstein.de\/wp-content\/uploads\/2016\/07\/Titelbild_Ausflug2016_1.jpg 1949w\" sizes=\"auto, (max-width: 1024px) 100vw, 1024px\" \/><\/a><\/p>\r\n<p><strong>Vereinsausflug Sommer 2016 ins Lechtal (Tirol)<\/strong><\/p>\r\n<p>&nbsp;<\/p>\r\n\r\n\r\n\r\n<figure class=\"wp-block-image\"><a href=\"https:\/\/gesangverein-woellstein.de\/wp-content\/uploads\/2016\/07\/GVW-Uniform-Gruppenbild.jpg\"><img loading=\"lazy\" decoding=\"async\" width=\"1024\" height=\"684\" class=\"wp-image-982\" src=\"https:\/\/gesangverein-woellstein.de\/wp-content\/uploads\/2016\/07\/GVW-Uniform-Gruppenbild-1024x684.jpg\" alt=\"GVW Gruppenbild 1995\" srcset=\"https:\/\/gesangverein-woellstein.de\/wp-content\/uploads\/2016\/07\/GVW-Uniform-Gruppenbild-1024x684.jpg 1024w, https:\/\/gesangverein-woellstein.de\/wp-content\/uploads\/2016\/07\/GVW-Uniform-Gruppenbild-300x200.jpg 300w, https:\/\/gesangverein-woellstein.de\/wp-content\/uploads\/2016\/07\/GVW-Uniform-Gruppenbild-768x513.jpg 768w\" sizes=\"auto, (max-width: 1024px) 100vw, 1024px\" \/><\/a>\r\n<figcaption><strong><strong>Gruppenbild zum 100-j\u00e4hrigen Jubil\u00e4um des Gesangvereins W\u00f6llstein (1995)<br \/><\/strong><\/strong>\r\n<h6>1. Reihe (von links nach rechts): <br \/>Josef Holl, Hans Drescher, Bernd Angstenberger, Hugo Angstenberger, Thomas Feil,<br \/>Albert Rieck, Willi Schilz, Egon Murschall, Joachim Hegele<br \/><br \/>2. Reihe:<br \/>Karlheinz Bieg, Hans Barth, Alfred Maier, Peter Weber, Xaver Hegele, Thomas Angstenberger, Rainer Barth, Anton Hegele, Berthold Stirner, Franz Holl, Heiner Fischer<br \/><br \/>3. Reihe:<br \/>Holger Murschall, Thomas Gehring, Martin Ebert, Klaus Angstenberger, Helmut Bieg, Karlheinz Ebert, Martin Schreckenh\u00f6fer, Matthias Feil, Martin Bieg, Michael Maier<\/h6>\r\n<\/figcaption>\r\n<\/figure>\r\n\r\n\r\n\r\n<p>&nbsp;<\/p>\r\n\r\n\r\n\r\n<p>&nbsp;<\/p>\r\n\r\n\r\n\r\n<p class=\"wp-block-image\"><a href=\"https:\/\/gesangverein-woellstein.de\/wp-content\/uploads\/2017\/01\/GVW-historische-Aufnahme-1970.jpg\"><img loading=\"lazy\" decoding=\"async\" width=\"866\" height=\"621\" class=\"wp-image-1155\" src=\"https:\/\/gesangverein-woellstein.de\/wp-content\/uploads\/2017\/01\/GVW-historische-Aufnahme-1970.jpg\" alt=\"\" srcset=\"https:\/\/gesangverein-woellstein.de\/wp-content\/uploads\/2017\/01\/GVW-historische-Aufnahme-1970.jpg 866w, https:\/\/gesangverein-woellstein.de\/wp-content\/uploads\/2017\/01\/GVW-historische-Aufnahme-1970-300x215.jpg 300w, https:\/\/gesangverein-woellstein.de\/wp-content\/uploads\/2017\/01\/GVW-historische-Aufnahme-1970-768x551.jpg 768w\" sizes=\"auto, (max-width: 866px) 100vw, 866px\" \/><\/a><strong>Historisches Gruppenbild des Gesangvereins W\u00f6llstein (1970)<\/strong><\/p>\r\n\r\n\r\n\r\n<h6>1. Reihe (von links nach rechts): <br \/>Albert Rieck, Albert Angstenberger, Karl Arzner, Josef Angstenberger, Hermann Angstenberger, Josef Funk sen., Josef Funk jun., Karl R\u00fcger, Erwin Maier<br \/><br \/>2. Reihe:<br \/>Xaver Fischer, Siegfried Ehmer, Alfred Maier, Alois Sorg, Josef Dei\u00df, Karl Ebert, Peter Weber, Egon Murschall, Hugo Angstenberger<br \/><br \/>3. Reihe:<br \/>Josef Maier, Helmut Funk, Peter Funk, Hans Barth, Alfred H\u00e4gele, Heiner Fischer, Hubert Sorg, Anton Funk<\/h6>\r\n","protected":false},"excerpt":{"rendered":"<p>&nbsp; &nbsp; Vereinsausflug Sommer 2016 ins Lechtal (Tirol) &nbsp; &nbsp; &nbsp; 1. Reihe (von links nach rechts): Albert Rieck, Albert Angstenberger, Karl Arzner, Josef Angstenberger, Hermann Angstenberger, Josef Funk sen., Josef Funk jun., Karl R\u00fcger, Erwin Maier 2. Reihe:Xaver Fischer, Siegfried Ehmer, Alfred Maier, Alois Sorg, Josef Dei\u00df, Karl Ebert, Peter Weber, Egon Murschall, Hugo [&hellip;]<\/p>\n","protected":false},"author":2,"featured_media":0,"parent":0,"menu_order":0,"comment_status":"closed","ping_status":"closed","template":"","meta":{"footnotes":""},"class_list":["post-3010","page","type-page","status-publish","hentry"],"_links":{"self":[{"href":"https:\/\/gesangverein-woellstein.de\/index.php?rest_route=\/wp\/v2\/pages\/3010","targetHints":{"allow":["GET"]}}],"collection":[{"href":"https:\/\/gesangverein-woellstein.de\/index.php?rest_route=\/wp\/v2\/pages"}],"about":[{"href":"https:\/\/gesangverein-woellstein.de\/index.php?rest_route=\/wp\/v2\/types\/page"}],"author":[{"embeddable":true,"href":"https:\/\/gesangverein-woellstein.de\/index.php?rest_route=\/wp\/v2\/users\/2"}],"replies":[{"embeddable":true,"href":"https:\/\/gesangverein-woellstein.de\/index.php?rest_route=%2Fwp%2Fv2%2Fcomments&post=3010"}],"version-history":[{"count":21,"href":"https:\/\/gesangverein-woellstein.de\/index.php?rest_route=\/wp\/v2\/pages\/3010\/revisions"}],"predecessor-version":[{"id":8112,"href":"https:\/\/gesangverein-woellstein.de\/index.php?rest_route=\/wp\/v2\/pages\/3010\/revisions\/8112"}],"wp:attachment":[{"href":"https:\/\/gesangverein-woellstein.de\/index.php?rest_route=%2Fwp%2Fv2%2Fmedia&parent=3010"}],"curies":[{"name":"wp","href":"https:\/\/api.w.org\/{rel}","templated":true}]}}